{"id":186,"date":"2022-09-05T17:18:02","date_gmt":"2022-09-05T17:18:02","guid":{"rendered":"https:\/\/recursos.aethereus.mx\/?page_id=186"},"modified":"2022-09-22T01:52:18","modified_gmt":"2022-09-22T01:52:18","slug":"proyecto-8","status":"publish","type":"page","link":"https:\/\/recursos.aethereus.mx\/?page_id=186","title":{"rendered":"Proyecto 8"},"content":{"rendered":"<p>[et_pb_section fb_built=&#8221;1&#8243; admin_label=&#8221;Intro Section&#8221; _builder_version=&#8221;3.22&#8243; custom_padding=&#8221;60px|0px|60px|0px&#8221;][et_pb_row column_structure=&#8221;1_2,1_2&#8243; admin_label=&#8221;Intro Row&#8221; _builder_version=&#8221;3.25&#8243;][et_pb_column type=&#8221;1_2&#8243; _builder_version=&#8221;3.25&#8243; custom_padding=&#8221;|||&#8221; custom_padding__hover=&#8221;|||&#8221;][et_pb_image title_text=&#8221;ilustracio\u0301n-3&#8243; align_tablet=&#8221;center&#8221; align_phone=&#8221;&#8221; align_last_edited=&#8221;on|desktop&#8221; admin_label=&#8221;Intro Image&#8221; _builder_version=&#8221;4.5.0&#8243; hover_enabled=&#8221;0&#8243; src=&#8221;https:\/\/recursos.aethereus.mx\/wp-content\/uploads\/2022\/09\/ilustracio\u0301n-3.png&#8221;][\/et_pb_image][\/et_pb_column][et_pb_column type=&#8221;1_2&#8243; _builder_version=&#8221;3.25&#8243; custom_padding=&#8221;|||&#8221; custom_padding__hover=&#8221;|||&#8221;][et_pb_text admin_label=&#8221;Tittle &#038; Paragraph&#8221; _builder_version=&#8221;4.5.0&#8243; text_font=&#8221;Open Sans|600|||||||&#8221; text_text_color=&#8221;#c88bda&#8221; text_font_size=&#8221;16px&#8221; text_line_height=&#8221;1.8em&#8221; header_font=&#8221;||||||||&#8221; header_2_font=&#8221;Oswald|||on|||||&#8221; header_2_font_size=&#8221;45px&#8221; header_2_letter_spacing=&#8221;3px&#8221; header_2_line_height=&#8221;1.4em&#8221; module_alignment=&#8221;center&#8221; custom_margin=&#8221;40px|||&#8221; custom_margin_tablet=&#8221;0px|||&#8221; custom_margin_phone=&#8221;|||&#8221; custom_margin_last_edited=&#8221;on|phone&#8221;]<\/p>\n<h2>Unidades Did\u00e1cticas Interactivas de Introducci\u00f3n al Pensamiento Matem\u00e1tico<\/h2>\n<p>[\/et_pb_text][\/et_pb_column][\/et_pb_row][\/et_pb_section][et_pb_section fb_built=&#8221;1&#8243; fullwidth=&#8221;on&#8221; _builder_version=&#8221;4.5.0&#8243; _module_preset=&#8221;default&#8221;][et_pb_fullwidth_code _builder_version=&#8221;4.5.0&#8243; _module_preset=&#8221;default&#8221;]<iframe loading=\"lazy\" src=\"https:\/\/recursos.aethereus.mx\/interactivos\/index_08.html\" width=\"100%\" height=\"1590\" allow=\"fullscreen\" scrolling=\"no\"><\/iframe>[\/et_pb_fullwidth_code][\/et_pb_section][et_pb_section fb_built=&#8221;1&#8243; _builder_version=&#8221;4.5.0&#8243; background_image=&#8221;https:\/\/recursos.aethereus.mx\/wp-content\/uploads\/2022\/09\/pleca-nin\u0303os.jpg&#8221; background_position=&#8221;bottom_center&#8221; custom_padding=&#8221;60px|0px|0px|0px&#8221;][et_pb_row use_custom_gutter=&#8221;on&#8221; gutter_width=&#8221;0&#8243; admin_label=&#8221;Image Row&#8221; module_class=&#8221; et_pb_row_fullwidth&#8221; _builder_version=&#8221;3.25&#8243; width=&#8221;100%&#8221; width_tablet=&#8221;100%&#8221; width_phone=&#8221;&#8221; width_last_edited=&#8221;on|desktop&#8221; max_width=&#8221;100%&#8221; max_width_tablet=&#8221;100%&#8221; max_width_phone=&#8221;&#8221; max_width_last_edited=&#8221;on|desktop&#8221; custom_margin=&#8221;200px|||&#8221; box_shadow_style=&#8221;preset7&#8243; box_shadow_horizontal=&#8221;0px&#8221; box_shadow_vertical=&#8221;-200px&#8221; box_shadow_color=&#8221;#ffffff&#8221; make_fullwidth=&#8221;on&#8221;][et_pb_column type=&#8221;4_4&#8243; _builder_version=&#8221;3.25&#8243; custom_padding=&#8221;|||&#8221; custom_padding__hover=&#8221;|||&#8221;][et_pb_image src=&#8221;https:\/\/recursos.aethereus.mx\/wp-content\/uploads\/2022\/09\/arbusto.png&#8221; title_text=&#8221;arbusto&#8221; admin_label=&#8221;Blurred-Leaf&#8221; _builder_version=&#8221;4.5.0&#8243; max_width_tablet=&#8221;&#8221; max_width_phone=&#8221;70%&#8221; max_width_last_edited=&#8221;on|desktop&#8221; custom_margin=&#8221;|||-30px&#8221; animation_style=&#8221;slide&#8221; animation_direction=&#8221;left&#8221; animation_duration=&#8221;1300ms&#8221; animation_intensity_slide=&#8221;3%&#8221; always_center_on_mobile=&#8221;off&#8221;][\/et_pb_image][\/et_pb_column][\/et_pb_row][\/et_pb_section][et_pb_section fb_built=&#8221;1&#8243; admin_label=&#8221;Footer Section&#8221; _builder_version=&#8221;3.22&#8243; background_color=&#8221;#000000&#8243; custom_padding=&#8221;101px|0px|101px|0px&#8221; saved_tabs=&#8221;all&#8221;][et_pb_row column_structure=&#8221;1_4,1_4,1_4,1_4&#8243; admin_label=&#8221;Footer Row&#8221; _builder_version=&#8221;3.25&#8243;][et_pb_column type=&#8221;1_4&#8243; _builder_version=&#8221;3.25&#8243; custom_padding=&#8221;|||&#8221; custom_padding__hover=&#8221;|||&#8221;][et_pb_image src=&#8221;https:\/\/recursos.aethereus.mx\/wp-content\/uploads\/2022\/08\/logo.png&#8221; align_tablet=&#8221;center&#8221; align_phone=&#8221;&#8221; align_last_edited=&#8221;on|desktop&#8221; admin_label=&#8221;logo&#8221; _builder_version=&#8221;3.23&#8243; max_width=&#8221;50%&#8221;][\/et_pb_image][\/et_pb_column][et_pb_column type=&#8221;1_4&#8243; _builder_version=&#8221;3.25&#8243; custom_padding=&#8221;|||&#8221; custom_padding__hover=&#8221;|||&#8221;][et_pb_text admin_label=&#8221;Links&#8221; _builder_version=&#8221;3.27.4&#8243; text_font=&#8221;Open Sans|600|||||||&#8221; text_text_color=&#8221;#ffffff&#8221; text_line_height=&#8221;1.4em&#8221; link_font=&#8221;Open Sans|600|||||||&#8221; link_text_color=&#8221;#ffffff&#8221; link_line_height=&#8221;2.5em&#8221; header_font=&#8221;||||||||&#8221; header_2_font=&#8221;||||||||&#8221; header_3_font=&#8221;||||||||&#8221; header_6_font=&#8221;Oswald|500||on|||||&#8221; header_6_text_color=&#8221;rgba(255,255,255,0.4)&#8221; header_6_letter_spacing=&#8221;2px&#8221; header_6_line_height=&#8221;1.7em&#8221; background_layout=&#8221;dark&#8221; module_alignment=&#8221;center&#8221; custom_margin=&#8221;|||&#8221; custom_margin_tablet=&#8221;0px|||&#8221; custom_margin_phone=&#8221;|||&#8221; custom_margin_last_edited=&#8221;off|desktop&#8221; text_line_height_last_edited=&#8221;off|desktop&#8221;]<\/p>\n<h6>Visit Us<\/h6>\n<p>8938 Divi St.<\/p>\n<p>Building 234<\/p>\n<p>San Francisco, CA 93848<br \/>\n[\/et_pb_text][\/et_pb_column][et_pb_column type=&#8221;1_4&#8243; _builder_version=&#8221;3.25&#8243; custom_padding=&#8221;|||&#8221; custom_padding__hover=&#8221;|||&#8221;][et_pb_text admin_label=&#8221;Links&#8221; _builder_version=&#8221;3.27.4&#8243; text_font=&#8221;Open Sans|600|||||||&#8221; text_text_color=&#8221;#ffffff&#8221; text_line_height=&#8221;1.4em&#8221; link_font=&#8221;Open Sans|600|||||||&#8221; link_text_color=&#8221;#ffffff&#8221; link_line_height=&#8221;2.5em&#8221; header_font=&#8221;||||||||&#8221; header_2_font=&#8221;||||||||&#8221; header_3_font=&#8221;||||||||&#8221; header_6_font=&#8221;Oswald|500||on|||||&#8221; header_6_text_color=&#8221;rgba(255,255,255,0.4)&#8221; header_6_letter_spacing=&#8221;2px&#8221; header_6_line_height=&#8221;1.7em&#8221; background_layout=&#8221;dark&#8221; module_alignment=&#8221;center&#8221; custom_margin=&#8221;|||&#8221; custom_margin_tablet=&#8221;0px|||&#8221; custom_margin_phone=&#8221;|||&#8221; custom_margin_last_edited=&#8221;off|desktop&#8221; text_line_height_last_edited=&#8221;off|desktop&#8221;]<\/p>\n<h6>Contact us<\/h6>\n<p>(304) 556-2345<\/p>\n<p>info@okapejuice.com<\/p>\n<p>sales@okapejuice.com<br \/>\n[\/et_pb_text][\/et_pb_column][et_pb_column type=&#8221;1_4&#8243; _builder_version=&#8221;3.25&#8243; custom_padding=&#8221;|||&#8221; custom_padding__hover=&#8221;|||&#8221;][et_pb_text admin_label=&#8221;Links&#8221; _builder_version=&#8221;3.27.4&#8243; text_font=&#8221;Open Sans|600|||||||&#8221; text_text_color=&#8221;#ffffff&#8221; text_line_height=&#8221;1.4em&#8221; link_font=&#8221;Open Sans|600|||||||&#8221; link_text_color=&#8221;#ffffff&#8221; link_line_height=&#8221;2.5em&#8221; header_font=&#8221;||||||||&#8221; header_2_font=&#8221;||||||||&#8221; header_3_font=&#8221;||||||||&#8221; header_6_font=&#8221;Oswald|500||on|||||&#8221; header_6_text_color=&#8221;rgba(255,255,255,0.4)&#8221; header_6_letter_spacing=&#8221;2px&#8221; header_6_line_height=&#8221;1.7em&#8221; background_layout=&#8221;dark&#8221; module_alignment=&#8221;center&#8221; custom_margin=&#8221;|||&#8221; custom_margin_tablet=&#8221;0px|||&#8221; custom_margin_phone=&#8221;|||&#8221; custom_margin_last_edited=&#8221;off|desktop&#8221; text_line_height_last_edited=&#8221;off|desktop&#8221;]<\/p>\n<h6>Open Hours<\/h6>\n<p>M-F: 11am &#8211; 7pm<\/p>\n<p>Sat: 10am &#8211; 7pm<\/p>\n<p>Sun: 10am &#8211; 5pm<br \/>\n[\/et_pb_text][\/et_pb_column][\/et_pb_row][\/et_pb_section]<\/p>\n","protected":false},"excerpt":{"rendered":"<p>Unidades Did\u00e1cticas Interactivas de Introducci\u00f3n al Pensamiento Matem\u00e1ticoVisit Us 8938 Divi St. Building 234 San Francisco, CA 93848 Contact us (304) 556-2345 info@okapejuice.com sales@okapejuice.com Open Hours M-F: 11am &#8211; 7pm Sat: 10am &#8211; 7pm Sun: 10am &#8211; 5pm<\/p>\n","protected":false},"author":1,"featured_media":0,"parent":0,"menu_order":0,"comment_status":"closed","ping_status":"closed","template":"","meta":{"_et_pb_use_builder":"on","_et_pb_old_content":"","_et_gb_content_width":"","footnotes":""},"class_list":["post-186","page","type-page","status-publish","hentry"],"_links":{"self":[{"href":"https:\/\/recursos.aethereus.mx\/index.php?rest_route=\/wp\/v2\/pages\/186","targetHints":{"allow":["GET"]}}],"collection":[{"href":"https:\/\/recursos.aethereus.mx\/index.php?rest_route=\/wp\/v2\/pages"}],"about":[{"href":"https:\/\/recursos.aethereus.mx\/index.php?rest_route=\/wp\/v2\/types\/page"}],"author":[{"embeddable":true,"href":"https:\/\/recursos.aethereus.mx\/index.php?rest_route=\/wp\/v2\/users\/1"}],"replies":[{"embeddable":true,"href":"https:\/\/recursos.aethereus.mx\/index.php?rest_route=%2Fwp%2Fv2%2Fcomments&post=186"}],"version-history":[{"count":5,"href":"https:\/\/recursos.aethereus.mx\/index.php?rest_route=\/wp\/v2\/pages\/186\/revisions"}],"predecessor-version":[{"id":372,"href":"https:\/\/recursos.aethereus.mx\/index.php?rest_route=\/wp\/v2\/pages\/186\/revisions\/372"}],"wp:attachment":[{"href":"https:\/\/recursos.aethereus.mx\/index.php?rest_route=%2Fwp%2Fv2%2Fmedia&parent=186"}],"curies":[{"name":"wp","href":"https:\/\/api.w.org\/{rel}","templated":true}]}}